{"id":1090,"date":"2024-01-25T14:49:21","date_gmt":"2024-01-25T14:49:21","guid":{"rendered":"https:\/\/hotel.soloproveweb.it\/hotels\/"},"modified":"2024-01-28T16:35:05","modified_gmt":"2024-01-28T16:35:05","slug":"hotels","status":"publish","type":"page","link":"https:\/\/hotel-caesar.com\/de\/hotels\/","title":{"rendered":"Hotels"},"content":{"rendered":"\t\t<div data-elementor-type=\"wp-page\" data-elementor-id=\"1090\" class=\"elementor elementor-1090 elementor-524\" data-elementor-post-type=\"page\">\n\t\t\t\t<div class=\"elementor-element elementor-element-ba92629 e-flex e-con-boxed e-con e-parent\" data-id=\"ba92629\" data-element_type=\"container\" data-e-type=\"container\" data-settings=\"{&quot;background_background&quot;:&quot;classic&quot;,&quot;background_motion_fx_motion_fx_scrolling&quot;:&quot;yes&quot;,&quot;background_motion_fx_translateY_effect&quot;:&quot;yes&quot;,&quot;background_motion_fx_translateY_speed&quot;:{&quot;unit&quot;:&quot;px&quot;,&quot;size&quot;:5.0999999999999996447286321199499070644378662109375,&quot;sizes&quot;:[]},&quot;background_motion_fx_translateY_affectedRange&quot;:{&quot;unit&quot;:&quot;%&quot;,&quot;size&quot;:&quot;&quot;,&quot;sizes&quot;:{&quot;start&quot;:0,&quot;end&quot;:100}},&quot;background_motion_fx_devices&quot;:[&quot;desktop&quot;,&quot;tablet&quot;,&quot;mobile&quot;]}\">\n\t\t\t\t\t<div class=\"e-con-inner\">\n\t\t\t\t\t<\/div>\n\t\t\t\t<\/div>\n\t\t<div class=\"elementor-element elementor-element-52bcdf10 e-flex e-con-boxed e-con e-parent\" data-id=\"52bcdf10\" data-element_type=\"container\" data-e-type=\"container\" data-settings=\"{&quot;background_background&quot;:&quot;classic&quot;}\">\n\t\t\t\t\t<div class=\"e-con-inner\">\n\t\t<div class=\"elementor-element elementor-element-63fa0e43 e-con-full e-flex e-con e-child\" data-id=\"63fa0e43\" data-element_type=\"container\" data-e-type=\"container\">\n\t\t\t\t<div class=\"elementor-element elementor-element-40f96be elementor-widget elementor-widget-heading\" data-id=\"40f96be\" data-element_type=\"widget\" data-e-type=\"widget\" data-widget_type=\"heading.default\">\n\t\t\t\t<div class=\"elementor-widget-container\">\n\t\t\t\t\t<h1 class=\"elementor-heading-title elementor-size-default\">HOTEL<\/h1>\t\t\t\t<\/div>\n\t\t\t\t<\/div>\n\t\t\t\t<div class=\"elementor-element elementor-element-706b8c4a elementor-widget elementor-widget-heading\" data-id=\"706b8c4a\" data-element_type=\"widget\" data-e-type=\"widget\" data-widget_type=\"heading.default\">\n\t\t\t\t<div class=\"elementor-widget-container\">\n\t\t\t\t\t<h2 class=\"elementor-heading-title elementor-size-default\">Die Familie Manuzzi  <br>  seit 1964...\n\n<\/h2>\t\t\t\t<\/div>\n\t\t\t\t<\/div>\n\t\t\t\t<\/div>\n\t\t<div class=\"elementor-element elementor-element-155c666 e-con-full e-flex e-con e-child\" data-id=\"155c666\" data-element_type=\"container\" data-e-type=\"container\">\n\t\t\t\t<div class=\"elementor-element elementor-element-fa2a198 elementor-widget elementor-widget-text-editor\" data-id=\"fa2a198\" data-element_type=\"widget\" data-e-type=\"widget\" data-widget_type=\"text-editor.default\">\n\t\t\t\t<div class=\"elementor-widget-container\">\n\t\t\t\t\t\t\t\t\t<h4>Seit \u00fcber 50 Jahren arbeiten wir daran, die sch\u00f6nsten Urlaubserinnerungen zu schaffen<\/h4>\n<p>Jeder Zentimeter und jedes Detail des Hotel Caesar tr\u00e4gt die Handschrift der Familie Manuzzi. Seit Generationen besteht unsere t\u00e4gliche Aufgabe darin, <strong>unsere G\u00e4ste gl\u00fccklich zu machen<\/strong> und ihnen den Urlaub zu bieten, den sie verdienen.<\/p>\n<p>Wenn man in einer Stadt wie Cesenatico aufw\u00e4chst, <strong>sind das Meer und die Gastfreundschaft in der DNA verankert<\/strong>: Sie sind Teil unserer Geschichte und unserer Verbundenheit mit dem Land. Und diese Liebe m\u00f6chten wir an die G\u00e4ste weitergeben, die das Hotel Caesar f\u00fcr ihren Strandurlaub w\u00e4hlen.<\/p>\n\t\t\t\t\t\t\t\t<\/div>\n\t\t\t\t<\/div>\n\t\t\t\t<\/div>\n\t\t\t\t\t<\/div>\n\t\t\t\t<\/div>\n\t\t<div class=\"elementor-element elementor-element-cd82b9c e-con-full e-flex e-con e-parent\" data-id=\"cd82b9c\" data-element_type=\"container\" data-e-type=\"container\" data-settings=\"{&quot;background_background&quot;:&quot;classic&quot;}\">\n\t\t<div class=\"elementor-element elementor-element-c9be8ed e-con-full e-flex e-con e-child\" data-id=\"c9be8ed\" data-element_type=\"container\" data-e-type=\"container\" data-settings=\"{&quot;background_background&quot;:&quot;classic&quot;,&quot;background_motion_fx_motion_fx_scrolling&quot;:&quot;yes&quot;,&quot;background_motion_fx_translateY_effect&quot;:&quot;yes&quot;,&quot;background_motion_fx_translateY_speed&quot;:{&quot;unit&quot;:&quot;px&quot;,&quot;size&quot;:4,&quot;sizes&quot;:[]},&quot;background_motion_fx_translateY_affectedRange&quot;:{&quot;unit&quot;:&quot;%&quot;,&quot;size&quot;:&quot;&quot;,&quot;sizes&quot;:{&quot;start&quot;:0,&quot;end&quot;:100}},&quot;background_motion_fx_devices&quot;:[&quot;desktop&quot;,&quot;tablet&quot;,&quot;mobile&quot;]}\">\n\t\t\t\t<div class=\"elementor-element elementor-element-c3de52e elementor-absolute imgdf elementor-widget__width-initial elementor-widget elementor-widget-image\" data-id=\"c3de52e\" data-element_type=\"widget\" data-e-type=\"widget\" data-settings=\"{&quot;_position&quot;:&quot;absolute&quot;,&quot;motion_fx_motion_fx_scrolling&quot;:&quot;yes&quot;,&quot;motion_fx_translateY_effect&quot;:&quot;yes&quot;,&quot;motion_fx_scale_effect&quot;:&quot;yes&quot;,&quot;motion_fx_scale_speed&quot;:{&quot;unit&quot;:&quot;px&quot;,&quot;size&quot;:2,&quot;sizes&quot;:[]},&quot;motion_fx_translateY_speed&quot;:{&quot;unit&quot;:&quot;px&quot;,&quot;size&quot;:4,&quot;sizes&quot;:[]},&quot;motion_fx_translateY_affectedRange&quot;:{&quot;unit&quot;:&quot;%&quot;,&quot;size&quot;:&quot;&quot;,&quot;sizes&quot;:{&quot;start&quot;:0,&quot;end&quot;:100}},&quot;motion_fx_scale_direction&quot;:&quot;out-in&quot;,&quot;motion_fx_scale_range&quot;:{&quot;unit&quot;:&quot;%&quot;,&quot;size&quot;:&quot;&quot;,&quot;sizes&quot;:{&quot;start&quot;:20,&quot;end&quot;:80}},&quot;motion_fx_devices&quot;:[&quot;desktop&quot;,&quot;tablet&quot;,&quot;mobile&quot;]}\" data-widget_type=\"image.default\">\n\t\t\t\t<div class=\"elementor-widget-container\">\n\t\t\t\t\t\t\t\t\t\t\t\t\t\t\t<img decoding=\"async\" src=\"https:\/\/hotel-caesar.com\/wp-content\/uploads\/2024\/01\/goccia.svg\" title=\"goccia\" alt=\"goccia\" loading=\"lazy\" \/>\t\t\t\t\t\t\t\t\t\t\t\t\t\t\t<\/div>\n\t\t\t\t<\/div>\n\t\t\t\t<\/div>\n\t\t<div class=\"elementor-element elementor-element-3a580c7 e-con-full e-flex e-con e-child\" data-id=\"3a580c7\" data-element_type=\"container\" data-e-type=\"container\">\n\t\t\t\t<div class=\"elementor-element elementor-element-7465da84 elementor-widget__width-initial elementor-widget elementor-widget-heading\" data-id=\"7465da84\" data-element_type=\"widget\" data-e-type=\"widget\" data-widget_type=\"heading.default\">\n\t\t\t\t<div class=\"elementor-widget-container\">\n\t\t\t\t\t<h2 class=\"elementor-heading-title elementor-size-default\">Nur einen Steinwurf vom Meer entfernt:  <br>die richtige Entfernung, um das Meer zu bewundern  \n<\/h2>\t\t\t\t<\/div>\n\t\t\t\t<\/div>\n\t\t\t\t<div class=\"elementor-element elementor-element-6d73537b elementor-widget elementor-widget-text-editor\" data-id=\"6d73537b\" data-element_type=\"widget\" data-e-type=\"widget\" data-widget_type=\"text-editor.default\">\n\t\t\t\t<div class=\"elementor-widget-container\">\n\t\t\t\t\t\t\t\t\t<p>Wie auch immer Sie es betrachten, <strong>das Meer wird Sie immer zu begeistern wissen<\/strong>.<\/p>\n<p>Das Hotel Caesar liegt nur wenige Schritte vom Strand in Cesenatico entfernt: so nah, dass Sie morgens vom k\u00fchlen Rauschen der Wellen geweckt werden und Ihnen einen guten Morgen w\u00fcnschen.<\/p>\n<p>Die strategische Lage in der N\u00e4he der wichtigsten St\u00e4dte der Region macht unser 4-Sterne-Hotel zum idealen Ausgangspunkt, um <strong>all die wunderbaren Ecken unserer Gegend zu entdecken<\/strong> und sich von Ihrer Neugierde durch die Stra\u00dfen unserer sch\u00f6nen Romagna leiten zu lassen.<\/p>\n\t\t\t\t\t\t\t\t<\/div>\n\t\t\t\t<\/div>\n\t\t\t\t<\/div>\n\t\t\t\t<\/div>\n\t\t\t\t<\/div>\n\t\t","protected":false},"excerpt":{"rendered":"<p>HOTEL Die Familie Manuzzi seit 1964&#8230; Seit \u00fcber 50 Jahren arbeiten wir daran, die sch\u00f6nsten Urlaubserinnerungen zu schaffen Jeder Zentimeter und jedes Detail des Hotel Caesar tr\u00e4gt die Handschrift der Familie Manuzzi. Seit Generationen besteht unsere t\u00e4gliche Aufgabe darin, unsere G\u00e4ste gl\u00fccklich zu machen und ihnen den Urlaub zu bieten, den sie verdienen. Wenn man [&hellip;]<\/p>\n","protected":false},"author":1,"featured_media":0,"parent":0,"menu_order":0,"comment_status":"closed","ping_status":"closed","template":"","meta":{"footnotes":""},"class_list":["post-1090","page","type-page","status-publish","hentry"],"_links":{"self":[{"href":"https:\/\/hotel-caesar.com\/de\/wp-json\/wp\/v2\/pages\/1090","targetHints":{"allow":["GET"]}}],"collection":[{"href":"https:\/\/hotel-caesar.com\/de\/wp-json\/wp\/v2\/pages"}],"about":[{"href":"https:\/\/hotel-caesar.com\/de\/wp-json\/wp\/v2\/types\/page"}],"author":[{"embeddable":true,"href":"https:\/\/hotel-caesar.com\/de\/wp-json\/wp\/v2\/users\/1"}],"replies":[{"embeddable":true,"href":"https:\/\/hotel-caesar.com\/de\/wp-json\/wp\/v2\/comments?post=1090"}],"version-history":[{"count":0,"href":"https:\/\/hotel-caesar.com\/de\/wp-json\/wp\/v2\/pages\/1090\/revisions"}],"wp:attachment":[{"href":"https:\/\/hotel-caesar.com\/de\/wp-json\/wp\/v2\/media?parent=1090"}],"curies":[{"name":"wp","href":"https:\/\/api.w.org\/{rel}","templated":true}]}}